{"id":17,"date":"2017-09-07T15:41:13","date_gmt":"2017-09-07T15:41:13","guid":{"rendered":"http:\/\/mpingenieros.es\/?page_id=17"},"modified":"2018-06-28T12:31:55","modified_gmt":"2018-06-28T12:31:55","slug":"acerca-de","status":"publish","type":"page","link":"https:\/\/mpingenieros.es\/index.php\/acerca-de\/","title":{"rendered":"Acerca de"},"content":{"rendered":"<hr \/>\n<p><strong><span style=\"color: #95b700;\">MP<\/span><\/strong>ingenieros est\u00e1 formada por un equipo de ingenieros con m\u00e1s de 20 a\u00f1os de experiencia en el sector de las instalaciones&#8230;<\/p>\n<p>Como punto diferenciador frente a otras ingenier\u00edas, es muy importante haber trabajado en una empresa de gran proyecci\u00f3n nacional e internacional en el sector de la Instalaciones, con la experiencia y proyecci\u00f3n que ello conlleva. Este valor a\u00f1adido que incorporamos a nuestra actividad ofrece al cliente final un conocimiento exhaustivo de las instalaciones y de los costes asociados, minimizando el Gasto previsto en su inversi\u00f3n, optimizando los suministros y las contrataciones de mano de obra, concepto que denominamos &#8220;Ingenier\u00eda de Cliente&#8221;.<\/p>\n<hr \/>\n<p>&nbsp;<\/p>\n","protected":false},"excerpt":{"rendered":"<p>MPingenieros est\u00e1 formada por un equipo de ingenieros con m\u00e1s de 20 a\u00f1os de experiencia en el sector de las instalaciones&#8230; Como punto diferenciador frente a otras ingenier\u00edas, es muy importante haber trabajado en una empresa de gran proyecci\u00f3n nacional e internacional en el sector de la Instalaciones, con la experiencia y proyecci\u00f3n que ello &hellip; <\/p>\n<p class=\"link-more\"><a href=\"https:\/\/mpingenieros.es\/index.php\/acerca-de\/\" class=\"more-link\">Continue reading<span class=\"screen-reader-text\"> &#8220;Acerca de&#8221;<\/span><\/a><\/p>\n","protected":false},"author":1,"featured_media":0,"parent":0,"menu_order":0,"comment_status":"closed","ping_status":"closed","template":"","meta":[],"_links":{"self":[{"href":"https:\/\/mpingenieros.es\/index.php\/wp-json\/wp\/v2\/pages\/17"}],"collection":[{"href":"https:\/\/mpingenieros.es\/index.php\/wp-json\/wp\/v2\/pages"}],"about":[{"href":"https:\/\/mpingenieros.es\/index.php\/wp-json\/wp\/v2\/types\/page"}],"author":[{"embeddable":true,"href":"https:\/\/mpingenieros.es\/index.php\/wp-json\/wp\/v2\/users\/1"}],"replies":[{"embeddable":true,"href":"https:\/\/mpingenieros.es\/index.php\/wp-json\/wp\/v2\/comments?post=17"}],"version-history":[{"count":9,"href":"https:\/\/mpingenieros.es\/index.php\/wp-json\/wp\/v2\/pages\/17\/revisions"}],"predecessor-version":[{"id":233,"href":"https:\/\/mpingenieros.es\/index.php\/wp-json\/wp\/v2\/pages\/17\/revisions\/233"}],"wp:attachment":[{"href":"https:\/\/mpingenieros.es\/index.php\/wp-json\/wp\/v2\/media?parent=17"}],"curies":[{"name":"wp","href":"https:\/\/api.w.org\/{rel}","templated":true}]}}