{"id":218,"date":"2018-03-23T13:03:40","date_gmt":"2018-03-23T13:03:40","guid":{"rendered":"http:\/\/mpingenieros.es\/?page_id=218"},"modified":"2020-12-17T15:32:17","modified_gmt":"2020-12-17T15:32:17","slug":"obras-y-proyectos-de-referencia","status":"publish","type":"page","link":"https:\/\/mpingenieros.es\/index.php\/obras-y-proyectos-de-referencia\/","title":{"rendered":"Obras y Proyectos de referencia"},"content":{"rendered":"<hr>\n<ul>\n<li>Instalaci\u00f3n de un Sistema Integrado de Seguridad dise\u00f1ado para la Universidad de Las Palmas de Gran Canaria.<\/li>\n<li>Instalaci\u00f3n de Sistemas de Seguridad en las instalaciones del Ministerio de Defensa.<\/li>\n<li>Proyectos de Energ\u00eda Solar T\u00e9rmica instalada 9.000 m<sup>2<\/sup><\/li>\n<li>Proyectos de Energ\u00eda Solar Fotovoltaica instalada 2,9 MWp<\/li>\n<li>Proyectos de Climatizaci\u00f3n Solar mediante m\u00e1quinas de absorci\u00f3n<\/li>\n<li>Proyectos de producci\u00f3n de ACS y climatizaci\u00f3n de piscina mediante sistemas convencionales<\/li>\n<li>Mejoras en el Alumbrado Aeron\u00e1utico del Aeropuerto de Fuerteventura y adaptaci\u00f3n a nueva normativa (balizamiento, distribuci\u00f3n el\u00e9ctrica, se\u00f1alizaci\u00f3n, etc.).<\/li>\n<li>Instalaciones de Aire Acondicionado Biblioteca Maspalomas.<\/li>\n<li>Impermeabilizaci\u00f3n de Cubiertas y Adaptaci\u00f3n de Varios Edificios a la normativa Contraincendios Aeropuerto Tenerife Sur.<\/li>\n<li>Red de Telecomunicaciones, tendido de Fibra \u00d3ptica por la red viaria de Gran Canaria, Anillo Insular Fase I y II (tendidos aprox. 95 km. incluyendo replanteo, suministro, apertura de micro zanjas, tendido de tubo, micro tubo y FO mediante soplado, pruebas y puesta en marcha).<\/li>\n<li>Remodelaci\u00f3n Instalaciones El\u00e9ctricas de BT y MT en Apartamentos Corona Roja.<\/li>\n<li>Instalaciones El\u00e9ctricas de BT en \u00c1rea degradada Palmetum, S\/C de Tenerife.<\/li>\n<li>Instalaciones El\u00e9ctricas, Climatizaci\u00f3n y PCI en Apartamentos R\u00e9voli (200 apartamentos, Gran Canaria)<\/li>\n<li>Ampliaci\u00f3n, Legalizaci\u00f3n y Reforma Aserradero Osorio.<\/li>\n<li>Actuaciones de Cerramiento e Instalaciones en Edificio tratamiento de Equipajes en Aeropuerto de Fuerteventura (BT, ventilaci\u00f3n y extracci\u00f3n, PCI, etc.).<\/li>\n<li>Instalaciones de BT Edificio Bellas Artes, Universidad de La Laguna.<\/li>\n<li>Instalaciones Saneamiento en Arrecife, Lanzarote<\/li>\n<li>Climatizaci\u00f3n Edificio Terminal de Carga Aeropuerto Tenerife Sur.<\/li>\n<li>Instalaciones El\u00e9ctricas de BT y Climatizaci\u00f3n Edificio Punto de Inspecci\u00f3n Fronterizo, Autoridad Portuaria de Las Palmas.<\/li>\n<li>Implantaci\u00f3n de Sistemas de Eficiencia Energ\u00e9tica en Pabell\u00f3n Multiusos Ayuntamiento de La Aldea; Gran Canaria.<\/li>\n<li>Instalaciones de BT, MT y Climatizaci\u00f3n en T\u00fanel V\u00eda Litoral en Santa Cruz de Tenerife.<\/li>\n<li>Adecuaci\u00f3n y Legalizaci\u00f3n El\u00e9ctrica varios Edificios Aeropuerto Gran Canaria.<\/li>\n<li>Instalaciones de BT y MT en Residencia M\u00e9dica Asistida, Telde, Gran Canaria.<\/li>\n<li>Instalaciones de BT, MT y Control en T\u00fanel de La Vega, Icod de Los Vinos, Tenerife.<\/li>\n<li>Instalaciones de Climatizaci\u00f3n en Auditorio Mirador de La Pe\u00f1a, El Hierro.<\/li>\n<li>Instalaci\u00f3n de alumbrado exterior en hotel Magic Life (Fuerteventura)<\/li>\n<li>Instalaciones en Gimnasio del SPA Orquidea (Gran Canaria)<\/li>\n<li>Instalaciones de detecci\u00f3n, extinci\u00f3n y alumbrado de emergencia en apartamentos Playa Flamingo (Lanzarote)<\/li>\n<li>Implantaci\u00f3n de caldera de Biomasa en las Piscina Municipal de Arguinegu\u00edn (Gran Canaria)<\/li>\n<li>Acondicionamiento e instalaciones para el Centro de Coordinaci\u00f3n de Operativa Insular de Gran Canaria (CECOPIN)<\/li>\n<li>ACONDICIONAMIENTO DEL EDIFICIO SITO EN LA CALLE AGUST\u00cdN MILLARES CARL\u00d3, N.\u00ba 20, EN LAS PALMAS DE G.C., PARA USO ADMINISTRATIVO<\/li>\n<li>MEJORAS Y ADAPTACI\u00d3N DE LOS SERVICIOS DE PROTECCI\u00d3N CONTRA INCENDIOS DE LA PARCELA EDIFICATORIA DEL TEATRO CUYAS<\/li>\n<li>Climatizaci\u00f3n Terminal Muelle Cruceros (Santa Cruz de Tenerife)<\/li>\n<li>Instalaciones de BT Campo de F\u00fatbol de Teror<\/li>\n<li>Instalaciones Plataforma Oce\u00e1nica de Canarias (PLOCAN)<\/li>\n<li>INSTALACIONES DE PROTECCI\u00d3N ACTIVA CONTRAINCENDIOS PARA LA D\u00c1RSENA DE EMBARCACIONES MENORES DEL PUERTO DE LAS PALMAS<\/li>\n<li>INSTALACIONES DE PCI EN HOTEL ORQUIDEA (Gran Canaria)<\/li>\n<li>etc.<\/li>\n<\/ul>\n<hr>\n","protected":false},"excerpt":{"rendered":"<p>Instalaci\u00f3n de un Sistema Integrado de Seguridad dise\u00f1ado para la Universidad de Las Palmas de Gran Canaria. Instalaci\u00f3n de Sistemas de Seguridad en las instalaciones del Ministerio de Defensa. Proyectos de Energ\u00eda Solar T\u00e9rmica instalada 9.000 m2 Proyectos de Energ\u00eda Solar Fotovoltaica instalada 2,9 MWp Proyectos de Climatizaci\u00f3n Solar mediante m\u00e1quinas de absorci\u00f3n Proyectos de &hellip; <\/p>\n<p class=\"link-more\"><a href=\"https:\/\/mpingenieros.es\/index.php\/obras-y-proyectos-de-referencia\/\" class=\"more-link\">Continue reading<span class=\"screen-reader-text\"> &#8220;Obras y Proyectos de referencia&#8221;<\/span><\/a><\/p>\n","protected":false},"author":1,"featured_media":0,"parent":0,"menu_order":0,"comment_status":"closed","ping_status":"closed","template":"","meta":[],"_links":{"self":[{"href":"https:\/\/mpingenieros.es\/index.php\/wp-json\/wp\/v2\/pages\/218"}],"collection":[{"href":"https:\/\/mpingenieros.es\/index.php\/wp-json\/wp\/v2\/pages"}],"about":[{"href":"https:\/\/mpingenieros.es\/index.php\/wp-json\/wp\/v2\/types\/page"}],"author":[{"embeddable":true,"href":"https:\/\/mpingenieros.es\/index.php\/wp-json\/wp\/v2\/users\/1"}],"replies":[{"embeddable":true,"href":"https:\/\/mpingenieros.es\/index.php\/wp-json\/wp\/v2\/comments?post=218"}],"version-history":[{"count":6,"href":"https:\/\/mpingenieros.es\/index.php\/wp-json\/wp\/v2\/pages\/218\/revisions"}],"predecessor-version":[{"id":251,"href":"https:\/\/mpingenieros.es\/index.php\/wp-json\/wp\/v2\/pages\/218\/revisions\/251"}],"wp:attachment":[{"href":"https:\/\/mpingenieros.es\/index.php\/wp-json\/wp\/v2\/media?parent=218"}],"curies":[{"name":"wp","href":"https:\/\/api.w.org\/{rel}","templated":true}]}}