{"id":80,"date":"2017-09-12T17:49:46","date_gmt":"2017-09-12T17:49:46","guid":{"rendered":"http:\/\/mpingenieros.es\/?page_id=80"},"modified":"2018-06-28T12:33:17","modified_gmt":"2018-06-28T12:33:17","slug":"servicios","status":"publish","type":"page","link":"https:\/\/mpingenieros.es\/index.php\/servicios\/","title":{"rendered":"Servicios"},"content":{"rendered":"<hr \/>\n<p><strong><span style=\"color: #95b700;\">MP<\/span><\/strong>ingenieros le ofrece los siguientes servicios:<\/p>\n<ul>\n<li>Redacci\u00f3n de Proyectos: c\u00e1lculo y dise\u00f1o de las instalaciones necesarias en cada actividad (electricidad BT y MT, fontaner\u00eda y saneamiento, contraincendios, telecomunicaciones, climatizaci\u00f3n y ventilaci\u00f3n, especialistas en Energ\u00edas renovables, instalaciones de ACS,\u00a0 etc.) con estricta observancia de la legislaci\u00f3n vigente<\/li>\n<li>Direcci\u00f3n de obras<\/li>\n<li>Estudios de seguridad y salud<\/li>\n<li>&#8220;Ingenier\u00eda de cliente&#8221;\n<ul>\n<li><em>Solicitud de ofertas de Suministro de materiales y equipos, con generaci\u00f3n de comparativos optimizando coste y garantizando calidad al cliente<\/em><\/li>\n<li><em>Solicitud de ofertas de Mano de obra y ejecuci\u00f3n con generaci\u00f3n de comparativos optimizando coste y calidad<\/em><\/li>\n<\/ul>\n<\/li>\n<li>Gesti\u00f3n y tramitaci\u00f3n de permisos y licencias ante los organismos oficiales correspondientes, as\u00ed como la legalizaci\u00f3n de las instalaciones<\/li>\n<li>Dise\u00f1o y ejecuci\u00f3n de m\u00e1quinas o sistemas especiales<\/li>\n<li>Instalaciones de gases de escape, aire comprimido y distribuci\u00f3n de aceites y grasas<\/li>\n<li>Automatismos y programaci\u00f3n<\/li>\n<li>Consultor\u00eda<\/li>\n<li>Eficiencia Energ\u00e9tica<\/li>\n<li>Planes de Autoprotecci\u00f3n (Autorizado por la Direcci\u00f3n General de Seguridad y Emergencias del Gobierno de Canarias)<\/li>\n<li>Servicios de Topograf\u00eda y Legalizaci\u00f3n de Propiedades<\/li>\n<li>Estudio, dise\u00f1o, desarrollo y mantenimiento de Sistemas de Seguridad:\n<ul>\n<li><em>Circuito Cerrado de Televisi\u00f3n CCTV<\/em><\/li>\n<li><em>Sistemas de Intrusi\u00f3n<\/em><\/li>\n<li><em>Sistemas de detecci\u00f3n perimetral<\/em><\/li>\n<li><em>Sistemas de centralizaci\u00f3n<\/em><\/li>\n<li><em>Sistemas de control de accesos y\/o presencia<\/em><\/li>\n<li><em>Sistemas de interfon\u00eda y megafon\u00eda<\/em><\/li>\n<li><em>Sistemas de alumbrado de seguridad<\/em><\/li>\n<li><em>Sistemas de detecci\u00f3n y extinci\u00f3n de incendios<\/em><\/li>\n<li><em>Sistemas de televigilancia<\/em><\/li>\n<\/ul>\n<\/li>\n<\/ul>\n<hr \/>\n<p>&nbsp;<\/p>\n","protected":false},"excerpt":{"rendered":"<p>MPingenieros le ofrece los siguientes servicios: Redacci\u00f3n de Proyectos: c\u00e1lculo y dise\u00f1o de las instalaciones necesarias en cada actividad (electricidad BT y MT, fontaner\u00eda y saneamiento, contraincendios, telecomunicaciones, climatizaci\u00f3n y ventilaci\u00f3n, especialistas en Energ\u00edas renovables, instalaciones de ACS,\u00a0 etc.) con estricta observancia de la legislaci\u00f3n vigente Direcci\u00f3n de obras Estudios de seguridad y salud &#8220;Ingenier\u00eda &hellip; <\/p>\n<p class=\"link-more\"><a href=\"https:\/\/mpingenieros.es\/index.php\/servicios\/\" class=\"more-link\">Continue reading<span class=\"screen-reader-text\"> &#8220;Servicios&#8221;<\/span><\/a><\/p>\n","protected":false},"author":1,"featured_media":0,"parent":0,"menu_order":0,"comment_status":"closed","ping_status":"closed","template":"","meta":[],"_links":{"self":[{"href":"https:\/\/mpingenieros.es\/index.php\/wp-json\/wp\/v2\/pages\/80"}],"collection":[{"href":"https:\/\/mpingenieros.es\/index.php\/wp-json\/wp\/v2\/pages"}],"about":[{"href":"https:\/\/mpingenieros.es\/index.php\/wp-json\/wp\/v2\/types\/page"}],"author":[{"embeddable":true,"href":"https:\/\/mpingenieros.es\/index.php\/wp-json\/wp\/v2\/users\/1"}],"replies":[{"embeddable":true,"href":"https:\/\/mpingenieros.es\/index.php\/wp-json\/wp\/v2\/comments?post=80"}],"version-history":[{"count":16,"href":"https:\/\/mpingenieros.es\/index.php\/wp-json\/wp\/v2\/pages\/80\/revisions"}],"predecessor-version":[{"id":232,"href":"https:\/\/mpingenieros.es\/index.php\/wp-json\/wp\/v2\/pages\/80\/revisions\/232"}],"wp:attachment":[{"href":"https:\/\/mpingenieros.es\/index.php\/wp-json\/wp\/v2\/media?parent=80"}],"curies":[{"name":"wp","href":"https:\/\/api.w.org\/{rel}","templated":true}]}}