{"id":99,"date":"2017-09-13T08:36:19","date_gmt":"2017-09-13T08:36:19","guid":{"rendered":"http:\/\/mpingenieros.es\/?page_id=99"},"modified":"2018-03-23T12:14:24","modified_gmt":"2018-03-23T12:14:24","slug":"equipo-humano","status":"publish","type":"page","link":"https:\/\/mpingenieros.es\/index.php\/equipo-humano\/","title":{"rendered":"Equipo humano"},"content":{"rendered":"<p>&nbsp;<\/p>\n<hr \/>\n<p>Francisco <strong><span style=\"color: #95b700;\">M<\/span><\/strong>art\u00edn <strong><span style=\"color: #95b700;\">P<\/span><\/strong>laceres<\/p>\n<p style=\"padding-left: 30px;\">Ingeniero T\u00e9cnico Industrial (Electr\u00f3nica Industrial) por la Universidad de Las Palmas de Gran Canaria<\/p>\n<p style=\"padding-left: 30px;\">Diplomado en Inform\u00e1tica por la Universidad de Las Palmas de Gran Canaria<\/p>\n<p style=\"padding-left: 30px;\">Trabaj\u00f3 como Responsable de Producci\u00f3n de Acciona Solar-Instalaciones-Industrial en Canarias hasta enero de 2017<\/p>\n<hr \/>\n<p><strong><span style=\"color: #95b700;\">MP<\/span><\/strong>ingenieros cuenta con un maravilloso equipo de ingenieros y arquitectos colaboradores, lo que nos permite acometer proyectos de cualquier \u00edndole.<\/p>\n<hr \/>\n<p>Empresa colaboradora:<\/p>\n<p><img loading=\"lazy\" class=\"size-full wp-image-202 aligncenter\" src=\"http:\/\/mpingenieros.es\/wp-content\/uploads\/2018\/03\/Kota-7.png\" alt=\"\" width=\"166\" height=\"160\" \/><\/p>\n<hr \/>\n<p>&nbsp;<\/p>\n","protected":false},"excerpt":{"rendered":"<p>&nbsp; Francisco Mart\u00edn Placeres Ingeniero T\u00e9cnico Industrial (Electr\u00f3nica Industrial) por la Universidad de Las Palmas de Gran Canaria Diplomado en Inform\u00e1tica por la Universidad de Las Palmas de Gran Canaria Trabaj\u00f3 como Responsable de Producci\u00f3n de Acciona Solar-Instalaciones-Industrial en Canarias hasta enero de 2017 MPingenieros cuenta con un maravilloso equipo de ingenieros y arquitectos colaboradores, &hellip; <\/p>\n<p class=\"link-more\"><a href=\"https:\/\/mpingenieros.es\/index.php\/equipo-humano\/\" class=\"more-link\">Continue reading<span class=\"screen-reader-text\"> &#8220;Equipo humano&#8221;<\/span><\/a><\/p>\n","protected":false},"author":1,"featured_media":0,"parent":0,"menu_order":0,"comment_status":"closed","ping_status":"closed","template":"","meta":[],"_links":{"self":[{"href":"https:\/\/mpingenieros.es\/index.php\/wp-json\/wp\/v2\/pages\/99"}],"collection":[{"href":"https:\/\/mpingenieros.es\/index.php\/wp-json\/wp\/v2\/pages"}],"about":[{"href":"https:\/\/mpingenieros.es\/index.php\/wp-json\/wp\/v2\/types\/page"}],"author":[{"embeddable":true,"href":"https:\/\/mpingenieros.es\/index.php\/wp-json\/wp\/v2\/users\/1"}],"replies":[{"embeddable":true,"href":"https:\/\/mpingenieros.es\/index.php\/wp-json\/wp\/v2\/comments?post=99"}],"version-history":[{"count":29,"href":"https:\/\/mpingenieros.es\/index.php\/wp-json\/wp\/v2\/pages\/99\/revisions"}],"predecessor-version":[{"id":216,"href":"https:\/\/mpingenieros.es\/index.php\/wp-json\/wp\/v2\/pages\/99\/revisions\/216"}],"wp:attachment":[{"href":"https:\/\/mpingenieros.es\/index.php\/wp-json\/wp\/v2\/media?parent=99"}],"curies":[{"name":"wp","href":"https:\/\/api.w.org\/{rel}","templated":true}]}}